{"id":53,"date":"2021-02-17T20:03:05","date_gmt":"2021-02-17T19:03:05","guid":{"rendered":"http:\/\/aful-wolfstein.de\/?page_id=53"},"modified":"2024-03-12T17:27:15","modified_gmt":"2024-03-12T16:27:15","slug":"lauter","status":"publish","type":"page","link":"https:\/\/aful-wolfstein.de\/?page_id=53","title":{"rendered":"Lauter"},"content":{"rendered":"\n<p>Die Lauter ist ein Mittelgebirgsfluss in Rheinland-Pfalz. Sie entspringt im Pf\u00e4lzerwald und m\u00fcndet bei Lauterecken in den Fluss Glan. Die Angelstrecke bei Wolfenstein verl\u00e4uft von Kreimbach-Kaulbach bis Oberweiler-Tiefenbach.<\/p>\n\n\n\n<p>Wer in der Lauter angeln m\u00f6chte, sollte sich auf kapitale Salmoniden einstellen. Besonders Fliegenfischer werden in dem Mittelgebirgsfluss zahlreiche Gumpen finden, in denen Forellen und Saiblinge auf Beute lauern. Die Ufervegetation wird von B\u00e4umen gepr\u00e4gt, doch zwischen den Geh\u00f6lzen sind gen\u00fcgend L\u00fccken, sodass vom Ufer zahlreiche Spots angeworfen werden k\u00f6nnen. Das malerische Lautertal sorgt f\u00fcr ein entspanntes Ambiente, in dem naturbewusste Angler in aller Ruhe fischen k\u00f6nnen.<\/p>\n\n\n\n<p class=\"has-vivid-red-color has-text-color\">Die Lauter bei Wolfstein wird von uns bewirtschaftet. Das Angeln in der Lauter ist von 01.04.-14.10. f\u00fcr Mitglieder gestattet.\u00a0G\u00e4stefischen ist nicht erlaubt.<\/p>\n\n\n\n<p>2024 d\u00fcrfen wir wieder 250 kg Forellen sowie 500 \u00c4schen willkommen hei\u00dfen. <\/p>\n\n\n\n<figure class=\"wp-block-gallery has-nested-images columns-default is-cropped wp-block-gallery-1 is-layout-flex wp-block-gallery-is-layout-flex\">\n<figure class=\"wp-block-image size-large\"><img loading=\"lazy\" decoding=\"async\" width=\"768\" height=\"1024\" data-id=\"354\" src=\"http:\/\/aful-wolfstein.de\/wp-content\/uploads\/2024\/03\/7a01235f-583b-439b-96f8-3a62d0942061-768x1024.jpeg\" alt=\"\" class=\"wp-image-354\" srcset=\"https:\/\/aful-wolfstein.de\/wp-content\/uploads\/2024\/03\/7a01235f-583b-439b-96f8-3a62d0942061-768x1024.jpeg 768w, https:\/\/aful-wolfstein.de\/wp-content\/uploads\/2024\/03\/7a01235f-583b-439b-96f8-3a62d0942061-225x300.jpeg 225w, https:\/\/aful-wolfstein.de\/wp-content\/uploads\/2024\/03\/7a01235f-583b-439b-96f8-3a62d0942061-1152x1536.jpeg 1152w, https:\/\/aful-wolfstein.de\/wp-content\/uploads\/2024\/03\/7a01235f-583b-439b-96f8-3a62d0942061-113x150.jpeg 113w, https:\/\/aful-wolfstein.de\/wp-content\/uploads\/2024\/03\/7a01235f-583b-439b-96f8-3a62d0942061.jpeg 1536w\" sizes=\"auto, (max-width: 768px) 100vw, 768px\" \/><\/figure>\n\n\n\n<figure class=\"wp-block-image size-large\"><img loading=\"lazy\" decoding=\"async\" width=\"768\" height=\"1024\" data-id=\"352\" src=\"http:\/\/aful-wolfstein.de\/wp-content\/uploads\/2024\/03\/3d93c2b1-c618-4b27-a13a-f34cb4179dd9-768x1024.jpeg\" alt=\"\" class=\"wp-image-352\" srcset=\"https:\/\/aful-wolfstein.de\/wp-content\/uploads\/2024\/03\/3d93c2b1-c618-4b27-a13a-f34cb4179dd9-768x1023.jpeg 768w, https:\/\/aful-wolfstein.de\/wp-content\/uploads\/2024\/03\/3d93c2b1-c618-4b27-a13a-f34cb4179dd9-225x300.jpeg 225w, https:\/\/aful-wolfstein.de\/wp-content\/uploads\/2024\/03\/3d93c2b1-c618-4b27-a13a-f34cb4179dd9-1153x1536.jpeg 1153w, https:\/\/aful-wolfstein.de\/wp-content\/uploads\/2024\/03\/3d93c2b1-c618-4b27-a13a-f34cb4179dd9-113x150.jpeg 113w, https:\/\/aful-wolfstein.de\/wp-content\/uploads\/2024\/03\/3d93c2b1-c618-4b27-a13a-f34cb4179dd9.jpeg 1200w\" sizes=\"auto, (max-width: 768px) 100vw, 768px\" \/><\/figure>\n\n\n\n<figure class=\"wp-block-image size-large\"><img loading=\"lazy\" decoding=\"async\" width=\"768\" height=\"1024\" data-id=\"353\" src=\"http:\/\/aful-wolfstein.de\/wp-content\/uploads\/2024\/03\/f28fec2c-1cbb-4aca-a153-94d5713e730a-768x1024.jpeg\" alt=\"\" class=\"wp-image-353\" srcset=\"https:\/\/aful-wolfstein.de\/wp-content\/uploads\/2024\/03\/f28fec2c-1cbb-4aca-a153-94d5713e730a-768x1024.jpeg 768w, https:\/\/aful-wolfstein.de\/wp-content\/uploads\/2024\/03\/f28fec2c-1cbb-4aca-a153-94d5713e730a-225x300.jpeg 225w, https:\/\/aful-wolfstein.de\/wp-content\/uploads\/2024\/03\/f28fec2c-1cbb-4aca-a153-94d5713e730a-1152x1536.jpeg 1152w, https:\/\/aful-wolfstein.de\/wp-content\/uploads\/2024\/03\/f28fec2c-1cbb-4aca-a153-94d5713e730a-113x150.jpeg 113w, https:\/\/aful-wolfstein.de\/wp-content\/uploads\/2024\/03\/f28fec2c-1cbb-4aca-a153-94d5713e730a.jpeg 1536w\" sizes=\"auto, (max-width: 768px) 100vw, 768px\" \/><\/figure>\n<\/figure>\n\n\n\n<p>Auch 2023 wieder jede Menge Zuwachs f\u00fcr die Lauter <\/p>\n\n\n\n<figure class=\"wp-block-image size-large\"><img loading=\"lazy\" decoding=\"async\" width=\"768\" height=\"1024\" src=\"http:\/\/aful-wolfstein.de\/wp-content\/uploads\/2023\/03\/A3A6A10A-FFDF-4DAE-B118-4E7D3379DA86-768x1024.jpeg\" alt=\"\" class=\"wp-image-325\" srcset=\"https:\/\/aful-wolfstein.de\/wp-content\/uploads\/2023\/03\/A3A6A10A-FFDF-4DAE-B118-4E7D3379DA86-768x1023.jpeg 768w, https:\/\/aful-wolfstein.de\/wp-content\/uploads\/2023\/03\/A3A6A10A-FFDF-4DAE-B118-4E7D3379DA86-225x300.jpeg 225w, https:\/\/aful-wolfstein.de\/wp-content\/uploads\/2023\/03\/A3A6A10A-FFDF-4DAE-B118-4E7D3379DA86-1153x1536.jpeg 1153w, https:\/\/aful-wolfstein.de\/wp-content\/uploads\/2023\/03\/A3A6A10A-FFDF-4DAE-B118-4E7D3379DA86-113x150.jpeg 113w, https:\/\/aful-wolfstein.de\/wp-content\/uploads\/2023\/03\/A3A6A10A-FFDF-4DAE-B118-4E7D3379DA86.jpeg 1200w\" sizes=\"auto, (max-width: 768px) 100vw, 768px\" \/><\/figure>\n\n\n\n<figure class=\"wp-block-image size-large\"><img loading=\"lazy\" decoding=\"async\" width=\"768\" height=\"1024\" src=\"http:\/\/aful-wolfstein.de\/wp-content\/uploads\/2023\/03\/5C417944-FC1B-4FBA-9BCD-DB1979DD641E-768x1024.jpeg\" alt=\"\" class=\"wp-image-324\" srcset=\"https:\/\/aful-wolfstein.de\/wp-content\/uploads\/2023\/03\/5C417944-FC1B-4FBA-9BCD-DB1979DD641E-768x1023.jpeg 768w, https:\/\/aful-wolfstein.de\/wp-content\/uploads\/2023\/03\/5C417944-FC1B-4FBA-9BCD-DB1979DD641E-225x300.jpeg 225w, https:\/\/aful-wolfstein.de\/wp-content\/uploads\/2023\/03\/5C417944-FC1B-4FBA-9BCD-DB1979DD641E-1153x1536.jpeg 1153w, https:\/\/aful-wolfstein.de\/wp-content\/uploads\/2023\/03\/5C417944-FC1B-4FBA-9BCD-DB1979DD641E-113x150.jpeg 113w, https:\/\/aful-wolfstein.de\/wp-content\/uploads\/2023\/03\/5C417944-FC1B-4FBA-9BCD-DB1979DD641E.jpeg 1200w\" sizes=\"auto, (max-width: 768px) 100vw, 768px\" \/><\/figure>\n\n\n\n<figure class=\"wp-block-image size-large\"><img loading=\"lazy\" decoding=\"async\" width=\"768\" height=\"1024\" src=\"http:\/\/aful-wolfstein.de\/wp-content\/uploads\/2023\/03\/ECDE6141-491D-4BCE-A0B4-3FCA56FD4AD8-768x1024.jpeg\" alt=\"\" class=\"wp-image-323\" srcset=\"https:\/\/aful-wolfstein.de\/wp-content\/uploads\/2023\/03\/ECDE6141-491D-4BCE-A0B4-3FCA56FD4AD8-768x1024.jpeg 768w, https:\/\/aful-wolfstein.de\/wp-content\/uploads\/2023\/03\/ECDE6141-491D-4BCE-A0B4-3FCA56FD4AD8-225x300.jpeg 225w, https:\/\/aful-wolfstein.de\/wp-content\/uploads\/2023\/03\/ECDE6141-491D-4BCE-A0B4-3FCA56FD4AD8-1152x1536.jpeg 1152w, https:\/\/aful-wolfstein.de\/wp-content\/uploads\/2023\/03\/ECDE6141-491D-4BCE-A0B4-3FCA56FD4AD8-113x150.jpeg 113w, https:\/\/aful-wolfstein.de\/wp-content\/uploads\/2023\/03\/ECDE6141-491D-4BCE-A0B4-3FCA56FD4AD8.jpeg 1536w\" sizes=\"auto, (max-width: 768px) 100vw, 768px\" \/><\/figure>\n\n\n\n<p><\/p>\n\n\n\n<figure class=\"wp-block-gallery has-nested-images columns-default is-cropped wp-block-gallery-2 is-layout-flex wp-block-gallery-is-layout-flex\">\n<figure class=\"wp-block-image size-large\"><img decoding=\"async\" data-id=\"109\" src=\"http:\/\/aful-wolfstein.de\/wp-content\/uploads\/2021\/02\/image1-1024x768.jpeg\" alt=\"\" class=\"wp-image-109\"\/><\/figure>\n\n\n\n<figure class=\"wp-block-image size-large\"><img decoding=\"async\" data-id=\"110\" src=\"http:\/\/aful-wolfstein.de\/wp-content\/uploads\/2021\/02\/image2-1024x768.jpeg\" alt=\"\" class=\"wp-image-110\"\/><\/figure>\n\n\n\n<figure class=\"wp-block-image size-large\"><img decoding=\"async\" data-id=\"111\" src=\"http:\/\/aful-wolfstein.de\/wp-content\/uploads\/2021\/02\/image3-1024x768.jpeg\" alt=\"\" class=\"wp-image-111\"\/><\/figure>\n<figcaption class=\"blocks-gallery-caption wp-element-caption\">wie jedes Jahr finden tausende Fische den Weg in die Lauter<\/figcaption><\/figure>\n\n\n\n<figure class=\"wp-block-image size-large\"><img decoding=\"async\" src=\"http:\/\/aful-wolfstein.de\/wp-content\/uploads\/2021\/03\/image57-1024x819.jpeg\" alt=\"\" class=\"wp-image-177\"\/><\/figure>\n\n\n\n<figure class=\"wp-block-image size-large\"><img decoding=\"async\" src=\"http:\/\/aful-wolfstein.de\/wp-content\/uploads\/2021\/03\/image55-1024x682.jpeg\" alt=\"\" class=\"wp-image-178\"\/><\/figure>\n\n\n\n<figure class=\"wp-block-image size-large\"><img decoding=\"async\" src=\"http:\/\/aful-wolfstein.de\/wp-content\/uploads\/2021\/03\/image56-576x1024.jpeg\" alt=\"\" class=\"wp-image-179\"\/><\/figure>\n\n\n\n<figure class=\"wp-block-image size-large\"><img decoding=\"async\" src=\"http:\/\/aful-wolfstein.de\/wp-content\/uploads\/2021\/03\/image57-1-1024x819.jpeg\" alt=\"\" class=\"wp-image-180\"\/><\/figure>\n\n\n\n<p><\/p>\n","protected":false},"excerpt":{"rendered":"<p>Die Lauter ist ein Mittelgebirgsfluss in Rheinland-Pfalz. Sie entspringt im Pf\u00e4lzerwald und m\u00fcndet bei Lauterecken in den Fluss Glan. Die Angelstrecke bei Wolfenstein verl\u00e4uft von Kreimbach-Kaulbach bis Oberweiler-Tiefenbach. Wer in der Lauter angeln m\u00f6chte, sollte sich auf kapitale Salmoniden einstellen. Besonders Fliegenfischer werden in dem Mittelgebirgsfluss zahlreiche Gumpen finden, in&#8230;<\/p>\n<p> <a class=\"continue-reading-link\" href=\"https:\/\/aful-wolfstein.de\/?page_id=53\"><span>Continue reading<\/span><i class=\"crycon-right-dir\"><\/i><\/a> <\/p>\n","protected":false},"author":1,"featured_media":0,"parent":0,"menu_order":0,"comment_status":"closed","ping_status":"closed","template":"","meta":{"footnotes":""},"class_list":["post-53","page","type-page","status-publish","hentry"],"_links":{"self":[{"href":"https:\/\/aful-wolfstein.de\/index.php?rest_route=\/wp\/v2\/pages\/53","targetHints":{"allow":["GET"]}}],"collection":[{"href":"https:\/\/aful-wolfstein.de\/index.php?rest_route=\/wp\/v2\/pages"}],"about":[{"href":"https:\/\/aful-wolfstein.de\/index.php?rest_route=\/wp\/v2\/types\/page"}],"author":[{"embeddable":true,"href":"https:\/\/aful-wolfstein.de\/index.php?rest_route=\/wp\/v2\/users\/1"}],"replies":[{"embeddable":true,"href":"https:\/\/aful-wolfstein.de\/index.php?rest_route=%2Fwp%2Fv2%2Fcomments&post=53"}],"version-history":[{"count":3,"href":"https:\/\/aful-wolfstein.de\/index.php?rest_route=\/wp\/v2\/pages\/53\/revisions"}],"predecessor-version":[{"id":355,"href":"https:\/\/aful-wolfstein.de\/index.php?rest_route=\/wp\/v2\/pages\/53\/revisions\/355"}],"wp:attachment":[{"href":"https:\/\/aful-wolfstein.de\/index.php?rest_route=%2Fwp%2Fv2%2Fmedia&parent=53"}],"curies":[{"name":"wp","href":"https:\/\/api.w.org\/{rel}","templated":true}]}}