{"id":19,"date":"2021-02-09T19:30:29","date_gmt":"2021-02-09T18:30:29","guid":{"rendered":"http:\/\/aful-wolfstein.de\/?page_id=19"},"modified":"2021-02-09T19:30:29","modified_gmt":"2021-02-09T18:30:29","slug":"ueber-uns","status":"publish","type":"page","link":"http:\/\/aful-wolfstein.de\/?page_id=19","title":{"rendered":"Geschichte"},"content":{"rendered":"\r\n<p><\/p>\r\n\r\n\r\n\r\n<ul class=\"wp-block-list\"><li>12.Juli 1970  Gr\u00fcndung des Angelsportvereines Unteres Lautertal e.V       durch 16. Petrij\u00fcnger. Im laufenden Jahr erh\u00f6hte sich die Zahl der Mitglieder bereits auf 33. Die heutige Mitgliederzahl liegt bei 87 Aktiven, 22 Passiven sowie 2 F\u00f6rdernde.<\/li><li>Okt. 1970  Der erste Fischbesatz wird in die Lauter eingebracht. Ein Zentner Schuppenkarpfen sowie 3500 Spiegelkarpfen und Schleiensetzlinge finden den Weg in die Lauter. Weitere Besatzma\u00dfnahmen folgen bis heute.<\/li><li>1981  Weiherkauf in Rothselberg. Eine langj\u00e4hrige Genehmigungsprozedur beginnt. An der JHV wird der Beschluss gefasst, eine Jungendabteilung zu gr\u00fcnden. <\/li><li>1986  An der Weiheranlage in Rothselberg wird eine &#8222;Arbeitsschutzh\u00fctte gebaut&#8220;. Sie diente dem Verein als Vereinsheim. <\/li><li>1987 <\/li><\/ul>\r\n\r\n\r\n\r\n<figure class=\"wp-block-image\"><img decoding=\"async\" src=\"http:\/\/aful-wolfstein.de\/wp-content\/uploads\/2021\/03\/IMG_7054-1024x768.jpg\" alt=\"Dieses Bild hat ein leeres Alt-Attribut. Der Dateiname ist IMG_7054-1024x768.jpg\"\/><\/figure>\r\n\r\n\r\n\r\n<ul class=\"wp-block-list\"><li>1989  In Deutschland geraten Angler zumehmend in ein schlechtes Licht, da ihnen, vor allem von Seiten der Tiersch\u00fctzer, &#8222;Tierqu\u00e4lerei&#8220; im Zeichen des Sportes vorgeworfen wird. Deshalb werden die traditionellen Preisfischen abgeschafft. Mit Beschluss der Generalversammlung werden aus dem &#8222;Angelsportverein Unteres Lautertal&#8220; die &#8222;Angelfreunde Unteres Lautertal&#8220;. <\/li><li>1990  Nach fast 10-j\u00e4hrigem &#8222;Kampf&#8220; mit den Beh\u00f6rden wird endlich die Weiheranlage genehmigt.  Der Verein feiert dies bei seinem 20-j\u00e4hrigen Bestehen. Die gesamten Kosten der Anlage belaufen sich f\u00fcr die Angelfreunde auf ca. 300000.- DM.<\/li><li>1994  Die intensive Umwelt- und \u00d6ffentlichkeitsarbeit der vergangenen Jahre wird belohnt. Der Verein erh\u00e4lt f\u00fcr seine Leistungen den Umweltpreis 1993 des Landesfischereiverbands Rheinland-Pfalz.     <\/li><li>2000  Unser Vereinsheim brennt ab. Nach dem Schock ging es aber direkt wieder an die Arbeit. Noch heute d\u00fcrfen wir uns \u00fcber den Neubau freuen. 271000.- DM wurden investiert. <\/li><\/ul>\r\n\r\n\r\n\r\n<figure class=\"wp-block-gallery aligncenter columns-3 is-cropped wp-block-gallery-1 is-layout-flex wp-block-gallery-is-layout-flex\"><ul class=\"blocks-gallery-grid\"><li class=\"blocks-gallery-item\"><figure><img decoding=\"async\" src=\"http:\/\/aful-wolfstein.de\/wp-content\/uploads\/2021\/03\/image60-1024x686.jpeg\" alt=\"\" data-id=\"196\" class=\"wp-image-196\"\/><\/figure><\/li><li class=\"blocks-gallery-item\"><figure><img decoding=\"async\" src=\"http:\/\/aful-wolfstein.de\/wp-content\/uploads\/2021\/03\/image58-1-1024x684.jpeg\" alt=\"\" data-id=\"199\" data-link=\"http:\/\/aful-wolfstein.de\/ueber-uns\/image58-1\/\" class=\"wp-image-199\"\/><\/figure><\/li><li class=\"blocks-gallery-item\"><figure><img decoding=\"async\" src=\"http:\/\/aful-wolfstein.de\/wp-content\/uploads\/2021\/03\/image59-1-1024x701.jpeg\" alt=\"\" data-id=\"200\" data-full-url=\"http:\/\/aful-wolfstein.de\/wp-content\/uploads\/2021\/03\/image59-1.jpeg\" data-link=\"http:\/\/aful-wolfstein.de\/ueber-uns\/image59-1\/\" class=\"wp-image-200\"\/><\/figure><\/li><\/ul><\/figure>\r\n\r\n\r\n\r\n<p><\/p>\r\n\r\n\r\n\r\n<p><\/p>\r\n\r\n\r\n\r\n<p><\/p>\r\n\r\n\r\n\r\n<p><\/p>\r\n","protected":false},"excerpt":{"rendered":"<p>12.Juli 1970 Gr\u00fcndung des Angelsportvereines Unteres Lautertal e.V durch 16. Petrij\u00fcnger. Im laufenden Jahr erh\u00f6hte sich die Zahl der Mitglieder bereits auf 33. Die heutige Mitgliederzahl liegt bei 87 Aktiven, 22 Passiven sowie 2 F\u00f6rdernde. Okt. 1970 Der erste Fischbesatz wird in die Lauter eingebracht. Ein Zentner Schuppenkarpfen sowie 3500&#8230;<\/p>\n<p> <a class=\"continue-reading-link\" href=\"http:\/\/aful-wolfstein.de\/?page_id=19\"><span>Continue reading<\/span><i class=\"crycon-right-dir\"><\/i><\/a> <\/p>\n","protected":false},"author":1,"featured_media":0,"parent":0,"menu_order":0,"comment_status":"closed","ping_status":"closed","template":"","meta":{"footnotes":""},"class_list":["post-19","page","type-page","status-publish","hentry"],"_links":{"self":[{"href":"http:\/\/aful-wolfstein.de\/index.php?rest_route=\/wp\/v2\/pages\/19","targetHints":{"allow":["GET"]}}],"collection":[{"href":"http:\/\/aful-wolfstein.de\/index.php?rest_route=\/wp\/v2\/pages"}],"about":[{"href":"http:\/\/aful-wolfstein.de\/index.php?rest_route=\/wp\/v2\/types\/page"}],"author":[{"embeddable":true,"href":"http:\/\/aful-wolfstein.de\/index.php?rest_route=\/wp\/v2\/users\/1"}],"replies":[{"embeddable":true,"href":"http:\/\/aful-wolfstein.de\/index.php?rest_route=%2Fwp%2Fv2%2Fcomments&post=19"}],"version-history":[{"count":0,"href":"http:\/\/aful-wolfstein.de\/index.php?rest_route=\/wp\/v2\/pages\/19\/revisions"}],"wp:attachment":[{"href":"http:\/\/aful-wolfstein.de\/index.php?rest_route=%2Fwp%2Fv2%2Fmedia&parent=19"}],"curies":[{"name":"wp","href":"https:\/\/api.w.org\/{rel}","templated":true}]}}